{"id":2,"date":"2025-04-07T09:29:34","date_gmt":"2025-04-07T09:29:34","guid":{"rendered":"https:\/\/parallelparadies.de\/?page_id=2"},"modified":"2025-07-30T08:18:40","modified_gmt":"2025-07-30T06:18:40","slug":"sample-page","status":"publish","type":"page","link":"https:\/\/parallelparadies.de\/?page_id=2","title":{"rendered":"\u00dcber das Projekt"},"content":{"rendered":"\n<figure class=\"wp-block-image size-large\"><img loading=\"lazy\" decoding=\"async\" width=\"1024\" height=\"505\" src=\"https:\/\/parallelparadies.de\/wp-content\/uploads\/2025\/07\/ausstellungokt07-05-1024x505.jpg\" alt=\"Kunstsalon, Berlin 2007\" class=\"wp-image-306\" srcset=\"https:\/\/parallelparadies.de\/wp-content\/uploads\/2025\/07\/ausstellungokt07-05-1024x505.jpg 1024w, https:\/\/parallelparadies.de\/wp-content\/uploads\/2025\/07\/ausstellungokt07-05-300x148.jpg 300w, https:\/\/parallelparadies.de\/wp-content\/uploads\/2025\/07\/ausstellungokt07-05-768x379.jpg 768w, https:\/\/parallelparadies.de\/wp-content\/uploads\/2025\/07\/ausstellungokt07-05-1536x758.jpg 1536w, https:\/\/parallelparadies.de\/wp-content\/uploads\/2025\/07\/ausstellungokt07-05-2048x1010.jpg 2048w, https:\/\/parallelparadies.de\/wp-content\/uploads\/2025\/07\/ausstellungokt07-05-1200x592.jpg 1200w, https:\/\/parallelparadies.de\/wp-content\/uploads\/2025\/07\/ausstellungokt07-05-1860x918.jpg 1860w\" sizes=\"auto, (max-width: 1024px) 100vw, 1024px\" \/><\/figure>\n\n\n\n<p>Beisenherz Skurk &#8211; PARALLELPARADIES<\/p>\n\n\n\n<p>Die Arbeiten von Annette Beisenherz und Wilken Skurk sind auf vielerlei Ebenen komplex. Die emotionale Ebene ist essenziell, ebenso das Thema Beziehung in ihren diversen Formen und Auspr\u00e4gungen. Ihre leidenschaftliche Verbundenheit als Paar findet sich in ihren gemeinsamen Arbeiten im neuen Werkzyklus \u201ePASSION\/PARADISE\u201c wieder im Zusammenspiel von abstraktem Hintergrund und fig\u00fcrlicher Malerei. Dabei ist alles mit allem verbunden, bedingt einander und ist dennoch auch ohne das andere kraftvoll und autonom.&nbsp;<\/p>\n\n\n\n<p>Wilken Skurks prim\u00e4rer Werkstoff ist gegossenes Glas in Verbindung mit einem anderen Material. Materialkombinationen wie Glas und Stahl, Glas und Holz, Glas und Eisenguss sind typisch f\u00fcr seine Arbeitsweise. Die Dualit\u00e4t der Materialsprache in seinen Arbeiten resultiert aus dem inhaltlichen Interesse an unterschiedlichen Spannungsverh\u00e4ltnissen, sind sie Ausdruck seiner Besch\u00e4ftigung mit den Themen Verbindungen, Begegnungen, Beziehungen. Der Ursprung ist meist narrativer Natur, die Umsetzung ist jedoch immer abstrakt.&nbsp; Skurks Farbsch\u00fcttungen sind das malerische Pendant seiner Skulpturen, entstanden aus einem spontanen Impuls heraus und der Sehnsucht nach der Leichtigkeit des Moments, in der die Zeit stehenzubleiben scheint.<\/p>\n\n\n\n<p>Annette Beisenherz ist Malerin und Projektk\u00fcnstlerin. Die Druckgrafik geh\u00f6rt auch zu ihren Arbeitsfeldern, da ihre Werke sehr zeichnerisch motiviert sind. Nicht selten \u00fcberschneiden sich die Disziplinen in den fig\u00fcrlich angelegten und narrativen Arbeiten. Ihr Interesse gilt dem Menschen und seiner F\u00e4higkeit zur Ver\u00e4nderung, im Kontext des individuellen und gesellschaftlichen Wandels der Zeit. Ihre Darstellungen zeigen meist zwischenmenschliche Situationen und Zust\u00e4nde, die Aspekte dieser Ver\u00e4nderungen zeigen.<\/p>\n\n\n\n<p>Das Paar teilt seit fast drei Jahrzehnten ihren ureigenen k\u00fcnstlerischen Blick auf die Welt. Das schafft Reibung und Energie, die sich in dem Werkzyklus \u201ePASSION\/PARADISE\u201c erstmals auf diese kollaborative Weise manifestieren. Am Anfang entstehen die auf Holzplatten gesch\u00fctteten Farbverl\u00e4ufe, die Wilken Skurk in einem mehrstufigen Prozess trocknen l\u00e4sst und zum Teil mit Schleifpapier bearbeitet. Die so entstehenden Farbwelten dienen Annette Beisenherz als Kulisse f\u00fcr ihre gezeichneten und gemalten Geschichten, die sie variantenreich erz\u00e4hlt. Die expressive Energie ist sp\u00fcrbar, mit der Annette Beisenherz ihre Figuren manchmal in nur wenigen Minuten erschafft. Die bildnerischen Kompositionen zeigen Menschen in aktionsgeladenen Momentaufnahmen als solit\u00e4res Individuum, Tr\u00e4umende oder Auf- und Eintauchende, die teils \u00fcber Blicke Kontakt mit der Au\u00dfenwelt aufnehmen. Auch Wilken Skurk und Annette Beisenherz sind hier als Protagonisten zu finden, als K\u00fcnstlerin und K\u00fcnstler sind sie zugleich einander Muse.<\/p>\n\n\n\n<p>Ihre miteinander verbundenen k\u00fcnstlerischen Welten strahlen in den Bildern eine mitrei\u00dfende Kraft, Lebendigkeit und Dynamik aus. Sie sind Ausdruck ihrer k\u00fcnstlerischen Autonomie, die Basis f\u00fcr ihre gemeinsame Suche nach neuen Wegen, auf denen es im Verlauf des kreativen Prozesses kein besser oder schlechter, schw\u00e4cher oder st\u00e4rker gibt.&nbsp;<\/p>\n\n\n\n<p>Anja Karrasch (Kulturjournalistin)<\/p>\n\n\n\n<figure class=\"wp-block-image size-large\"><img loading=\"lazy\" decoding=\"async\" width=\"1024\" height=\"682\" src=\"https:\/\/parallelparadies.de\/wp-content\/uploads\/2025\/05\/awa2-1024x682.jpeg\" alt=\"\" class=\"wp-image-81\" srcset=\"https:\/\/parallelparadies.de\/wp-content\/uploads\/2025\/05\/awa2-1024x682.jpeg 1024w, https:\/\/parallelparadies.de\/wp-content\/uploads\/2025\/05\/awa2-300x200.jpeg 300w, https:\/\/parallelparadies.de\/wp-content\/uploads\/2025\/05\/awa2-768x512.jpeg 768w, https:\/\/parallelparadies.de\/wp-content\/uploads\/2025\/05\/awa2-1200x800.jpeg 1200w, https:\/\/parallelparadies.de\/wp-content\/uploads\/2025\/05\/awa2.jpeg 1280w\" sizes=\"auto, (max-width: 1024px) 100vw, 1024px\" \/><figcaption class=\"wp-element-caption\">Annette Beisenherz und Wilken Skurk<\/figcaption><\/figure>\n\n\n\n<p><br><\/p>\n\n\n\n<p><\/p>\n\n\n<p><strong>Seit 2023<\/strong><\/p>\n<p>haben wir eine Minikommunikationsinsel gegr\u00fcndet, das PARALLELPARADIES und produzieren seit dem zusammen Bilder, die zwei Gegens\u00e4tze vereinen: abstrakte Hintergr\u00fcnde kombiniert mit realistischer Malerei. Der Malgrund ist gesch\u00fcttet, wirkt flie\u00dfend mit unterschiedlichen Oberfl\u00e4cheneffekten und bildet die B\u00fchne f\u00fcr relativ realistische Figurensituationen mit Tiefenbedeutung, bzw. metaphorischem Potential. Unbewusst trifft Bewusst, Zufall trifft Absicht, usw.<\/p>\n<p>Wie sind Gegens\u00e4tze, Ansichten zwei unterschiedlicher Menschen miteinander zu vereinbaren?<\/p>\n<p>\u201eJeder ist gefangen in seinem Selbst- und Weltbild. Der andere ist eine St\u00f6rung, eine dauernde Zumutung. Kommunikation ist nur Schein. Wir k\u00f6nnen uns nicht verstehen.\u201c<\/p>\n<p>Das dachte Levinas, ein Zeitgenosse Kafkas. Das aktuelle, globale Streitpotential ist m\u00e4chtig. Wir versuchen mit unserem Projekt das Gegenteil.<\/p>\n<p>Thematisch geht es uns darum, die Grenzen der Kommunikation zumindest auf bildhafter Ebene zu durchbrechen. Die Schnittmenge im Bild zu finden, in der Farbe, in der Form, in Beschaffenheit und Struktur. Dadurch, dass wir die Bilder zu zweit produzieren und jeder von uns einen anderen Background hat, ist es umso spannender.<\/p>\n<p>Unsere Themen sind: Beziehung, Auftauchen, Eintauchen, gefangen sein, Abh\u00e4ngigkeit, T\u00fcren, Schl\u00fcssell\u00f6cher und Schl\u00fcssel (Antworten). Alb-\/Traum, Balance, etc. Die Figurensituation zeichnen sich oftmals durch eine Ambivalenz aus, ein Zustand auf der Kippe, zwischen Angst und Extase, zwischen Auftauchen und Untergehen.<\/p>\n<p>A.Beisenherz<\/p>","protected":false},"excerpt":{"rendered":"<p>Beisenherz Skurk &#8211; PARALLELPARADIES Die Arbeiten von Annette Beisenherz und Wilken Skurk sind auf vielerlei Ebenen komplex. Die emotionale Ebene ist essenziell, ebenso das Thema Beziehung in ihren diversen Formen und Auspr\u00e4gungen. Ihre leidenschaftliche Verbundenheit als Paar findet sich in ihren gemeinsamen Arbeiten im neuen Werkzyklus \u201ePASSION\/PARADISE\u201c wieder im Zusammenspiel von abstraktem Hintergrund und fig\u00fcrlicher [&hellip;]<\/p>\n","protected":false},"author":1,"featured_media":0,"parent":0,"menu_order":0,"comment_status":"closed","ping_status":"open","template":"","meta":{"footnotes":""},"class_list":["post-2","page","type-page","status-publish","hentry","missing-thumbnail"],"_links":{"self":[{"href":"https:\/\/parallelparadies.de\/index.php?rest_route=\/wp\/v2\/pages\/2","targetHints":{"allow":["GET"]}}],"collection":[{"href":"https:\/\/parallelparadies.de\/index.php?rest_route=\/wp\/v2\/pages"}],"about":[{"href":"https:\/\/parallelparadies.de\/index.php?rest_route=\/wp\/v2\/types\/page"}],"author":[{"embeddable":true,"href":"https:\/\/parallelparadies.de\/index.php?rest_route=\/wp\/v2\/users\/1"}],"replies":[{"embeddable":true,"href":"https:\/\/parallelparadies.de\/index.php?rest_route=%2Fwp%2Fv2%2Fcomments&post=2"}],"version-history":[{"count":12,"href":"https:\/\/parallelparadies.de\/index.php?rest_route=\/wp\/v2\/pages\/2\/revisions"}],"predecessor-version":[{"id":422,"href":"https:\/\/parallelparadies.de\/index.php?rest_route=\/wp\/v2\/pages\/2\/revisions\/422"}],"wp:attachment":[{"href":"https:\/\/parallelparadies.de\/index.php?rest_route=%2Fwp%2Fv2%2Fmedia&parent=2"}],"curies":[{"name":"wp","href":"https:\/\/api.w.org\/{rel}","templated":true}]}}